{"id":865,"date":"2021-12-03T19:01:16","date_gmt":"2021-12-03T19:01:16","guid":{"rendered":"http:\/\/cofradia.io\/?page_id=865"},"modified":"2024-02-27T16:37:42","modified_gmt":"2024-02-27T16:37:42","slug":"inicio-2","status":"publish","type":"page","link":"https:\/\/cofradianazarenodelorqui.es\/","title":{"rendered":"Inicio"},"content":{"rendered":"<p>&nbsp; &nbsp; Bienvenido\/a a la web de la Cofrad\u00eda de Nuestro Padre Jes\u00fas Nazareno del pueblo de Lorqu\u00ed (Murcia).<\/p>\n<p>&nbsp; &nbsp;&nbsp;<\/p>\n<p><img fetchpriority=\"high\" decoding=\"async\" class=\"size-medium wp-image-997 aligncenter\" src=\"http:\/\/cofradia.io\/wp-content\/uploads\/2024\/02\/besapies-218x300.jpg\" alt=\"\" width=\"218\" height=\"300\" srcset=\"https:\/\/cofradianazarenodelorqui.es\/wp-content\/uploads\/2024\/02\/besapies-218x300.jpg 218w, https:\/\/cofradianazarenodelorqui.es\/wp-content\/uploads\/2024\/02\/besapies-744x1024.jpg 744w, https:\/\/cofradianazarenodelorqui.es\/wp-content\/uploads\/2024\/02\/besapies-768x1057.jpg 768w, https:\/\/cofradianazarenodelorqui.es\/wp-content\/uploads\/2024\/02\/besapies-1116x1536.jpg 1116w, https:\/\/cofradianazarenodelorqui.es\/wp-content\/uploads\/2024\/02\/besapies.jpg 1162w\" sizes=\"(max-width: 218px) 100vw, 218px\" \/><\/p>\n","protected":false},"excerpt":{"rendered":"<p>&nbsp; &nbsp; Bienvenido\/a a la web de la Cofrad\u00eda de Nuestro Padre Jes\u00fas Nazareno del pueblo de Lorqu\u00ed (Murcia). &nbsp; &nbsp;&nbsp;<\/p>\n","protected":false},"author":1,"featured_media":0,"parent":0,"menu_order":0,"comment_status":"closed","ping_status":"closed","template":"","meta":{"ngg_post_thumbnail":0,"ocean_post_layout":"","ocean_both_sidebars_style":"","ocean_both_sidebars_content_width":0,"ocean_both_sidebars_sidebars_width":0,"ocean_sidebar":"0","ocean_second_sidebar":"0","ocean_disable_margins":"enable","ocean_add_body_class":"","ocean_shortcode_before_top_bar":"","ocean_shortcode_after_top_bar":"","ocean_shortcode_before_header":"","ocean_shortcode_after_header":"","ocean_has_shortcode":"","ocean_shortcode_after_title":"","ocean_shortcode_before_footer_widgets":"","ocean_shortcode_after_footer_widgets":"","ocean_shortcode_before_footer_bottom":"","ocean_shortcode_after_footer_bottom":"","ocean_display_top_bar":"default","ocean_display_header":"default","ocean_header_style":"","ocean_center_header_left_menu":"0","ocean_custom_header_template":"0","ocean_custom_logo":0,"ocean_custom_retina_logo":0,"ocean_custom_logo_max_width":0,"ocean_custom_logo_tablet_max_width":0,"ocean_custom_logo_mobile_max_width":0,"ocean_custom_logo_max_height":0,"ocean_custom_logo_tablet_max_height":0,"ocean_custom_logo_mobile_max_height":0,"ocean_header_custom_menu":"0","ocean_menu_typo_font_family":"0","ocean_menu_typo_font_subset":"","ocean_menu_typo_font_size":0,"ocean_menu_typo_font_size_tablet":0,"ocean_menu_typo_font_size_mobile":0,"ocean_menu_typo_font_size_unit":"px","ocean_menu_typo_font_weight":"","ocean_menu_typo_font_weight_tablet":"","ocean_menu_typo_font_weight_mobile":"","ocean_menu_typo_transform":"","ocean_menu_typo_transform_tablet":"","ocean_menu_typo_transform_mobile":"","ocean_menu_typo_line_height":0,"ocean_menu_typo_line_height_tablet":0,"ocean_menu_typo_line_height_mobile":0,"ocean_menu_typo_line_height_unit":"","ocean_menu_typo_spacing":0,"ocean_menu_typo_spacing_tablet":0,"ocean_menu_typo_spacing_mobile":0,"ocean_menu_typo_spacing_unit":"","ocean_menu_link_color":"","ocean_menu_link_color_hover":"","ocean_menu_link_color_active":"","ocean_menu_link_background":"","ocean_menu_link_hover_background":"","ocean_menu_link_active_background":"","ocean_menu_social_links_bg":"","ocean_menu_social_hover_links_bg":"","ocean_menu_social_links_color":"","ocean_menu_social_hover_links_color":"","ocean_disable_title":"default","ocean_disable_heading":"default","ocean_post_title":"","ocean_post_subheading":"","ocean_post_title_style":"","ocean_post_title_background_color":"","ocean_post_title_background":0,"ocean_post_title_bg_image_position":"","ocean_post_title_bg_image_attachment":"","ocean_post_title_bg_image_repeat":"","ocean_post_title_bg_image_size":"","ocean_post_title_height":0,"ocean_post_title_bg_overlay":0.5,"ocean_post_title_bg_overlay_color":"","ocean_disable_breadcrumbs":"default","ocean_breadcrumbs_color":"","ocean_breadcrumbs_separator_color":"","ocean_breadcrumbs_links_color":"","ocean_breadcrumbs_links_hover_color":"","ocean_display_footer_widgets":"default","ocean_display_footer_bottom":"default","ocean_custom_footer_template":"0","footnotes":""},"class_list":["post-865","page","type-page","status-publish","hentry","entry"],"_links":{"self":[{"href":"https:\/\/cofradianazarenodelorqui.es\/index.php?rest_route=\/wp\/v2\/pages\/865"}],"collection":[{"href":"https:\/\/cofradianazarenodelorqui.es\/index.php?rest_route=\/wp\/v2\/pages"}],"about":[{"href":"https:\/\/cofradianazarenodelorqui.es\/index.php?rest_route=\/wp\/v2\/types\/page"}],"author":[{"embeddable":true,"href":"https:\/\/cofradianazarenodelorqui.es\/index.php?rest_route=\/wp\/v2\/users\/1"}],"replies":[{"embeddable":true,"href":"https:\/\/cofradianazarenodelorqui.es\/index.php?rest_route=%2Fwp%2Fv2%2Fcomments&post=865"}],"version-history":[{"count":3,"href":"https:\/\/cofradianazarenodelorqui.es\/index.php?rest_route=\/wp\/v2\/pages\/865\/revisions"}],"predecessor-version":[{"id":999,"href":"https:\/\/cofradianazarenodelorqui.es\/index.php?rest_route=\/wp\/v2\/pages\/865\/revisions\/999"}],"wp:attachment":[{"href":"https:\/\/cofradianazarenodelorqui.es\/index.php?rest_route=%2Fwp%2Fv2%2Fmedia&parent=865"}],"curies":[{"name":"wp","href":"https:\/\/api.w.org\/{rel}","templated":true}]}}