{"id":20,"date":"2021-12-03T16:42:40","date_gmt":"2021-12-03T16:42:40","guid":{"rendered":"http:\/\/cofradia.io\/?page_id=20"},"modified":"2024-03-31T16:34:31","modified_gmt":"2024-03-31T16:34:31","slug":"procesiones","status":"publish","type":"page","link":"https:\/\/cofradianazarenodelorqui.es\/?page_id=20","title":{"rendered":"Cultos"},"content":{"rendered":"<p style=\"text-align: justify;\">La imagen de Nuestro Padre Jes\u00fas Nazareno recibe culto durante todo el a\u00f1o en la capilla situada en el lateral izquierdo del crucero del templo santiaguista de Lorqu\u00ed, arropado por los \u00c1ngeles de Pasi\u00f3n del escultor Ram\u00f3n Cuenca y frente a la bell\u00edsima imagen de la Virgen Dolorosa, tambi\u00e9n de Francisco Salzillo.<\/p>\n<h3 style=\"text-align: justify;\"><span style=\"color: #333399;\"><strong>PRIMER VIERNES DE MARZO<\/strong><\/span><\/h3>\n<p style=\"text-align: justify;\">Cada primer Viernes de Marzo, desde hace d\u00e9cadas, como sucede en otros muchos puntos de nuestra geograf\u00eda, la imagen es venerada de forma especial realiz\u00e1ndose el tradicional besapi\u00e9. Desde las nueve de la ma\u00f1ana el templo queda abierto culminando con la celebraci\u00f3n vespertina de la eucarist\u00eda en torno a las 20:00 horas.<\/p>\n<p style=\"text-align: justify;\">Se trata de un d\u00eda destacado donde poder tener un momento de especial&nbsp; recogimiento y oraci\u00f3n en torno a Jes\u00fas Nazareno. En la celebraci\u00f3n eucar\u00edstica se pide de una forma especial por los cofrades fallecidos en el \u00faltimo a\u00f1o y son muchos los devotos que encomiendan numerosos ruegos y promesas ante nuestra venerada y sagrada imagen.<\/p>\n<h3 style=\"text-align: justify;\"><span style=\"color: #333399;\"><strong>JUEVES SANTO: PROCESI\u00d3N DEL CALVARIO Y BENDICI\u00d3N<\/strong><\/span><\/h3>\n<p style=\"text-align: justify;\">Al caer el sol en la tarde de Jueves Santo, en las inmediaciones del templo de Santiago Ap\u00f3stol de Lorqu\u00ed, capirotes al aire y nazarenos morados forman el cortejo centenario de Nuestro Padre Jes\u00fas Nazareno. No siempre la imagen procesion\u00f3 s\u00f3lo en la tarde-noche de Jueves Santo, sino que hasta 1955 lo hac\u00eda, tambi\u00e9n, en la ma\u00f1ana de Viernes Santo para rezar el Santo V\u00eda Crucis. Subi\u00f3 hasta el Cabezo de Los Pasos hasta 1936 y por la carrera del Corpus desde la fecha anterior y hasta 1955.<\/p>\n<p style=\"text-align: justify;\">La procesi\u00f3n comienza al entrar los hermanos penitentes y estantes por la puerta lateral del templo para rezar ante Jes\u00fas Sacramentado expuesto en el Monumento Eucar\u00edstico. Minutos despu\u00e9s se pone en marcha el cortejo que ocupa el segundo lugar, tras la imagen de la Santa Mujer Ver\u00f3nica perteneciente a la cofrad\u00eda de Cristo Resucitado.<\/p>\n<p style=\"text-align: justify;\">El punto \u00e1lgido de todo el desfile se produce al final de la procesi\u00f3n, frente a la fachada del templo parroquial y en el centro de la plaza de La Libertad. Tienen lugar dos Encuentros Dolorosos: Ntro. Padre Jes\u00fas Nazareno se encuentra solemnemente con la Santa Mujer Ver\u00f3nica primero y, posteriormente, con Santa Mar\u00eda Magdalena, San Juan, y la Virgen Dolorosa. Pero, es al filo de la media noche, cuando Lorqu\u00ed se paraliza para que Ntro. P. Jes\u00fas Nazareno imparta su bendici\u00f3n por cuatro veces consecutivas a su pueblo de Lorqu\u00ed. Lo hace continuando una tradici\u00f3n centenaria iniciada con la llegada de la Imagen en la segunda mitad del siglo XVIII y Lorqu\u00ed, su pueblo, sigue acudiendo a sus pies en busca de protecci\u00f3n y consuelo.<\/p>\n<p style=\"text-align: justify;\">La m\u00fasica creada para este momento por el joven maestro ilorcitano Cristian Marco envuelve y marca el tiempo de todo el acto. Aunque la imagen siempre ha conservado la posibilidad de bendecir, desconocemos hasta cuando lo estuvo haciendo. Creemos que debi\u00f3 de suprimirse en alg\u00fan momento indeterminado del siglo XIX y se ha vuelto a recuperar para la historia del pueblo de Lorqu\u00ed y consuelo de sus almas fieles el Jueves Santo de 2014. Todo gracias a la aprobaci\u00f3n del p\u00e1rroco D. Felipe Tom\u00e1s Valero.<\/p>\n<p>&nbsp; &nbsp;&nbsp; &nbsp; &nbsp; &nbsp; &nbsp; &nbsp; &nbsp; &nbsp; &nbsp; &nbsp; &nbsp; &nbsp; &nbsp; &nbsp; &nbsp; &nbsp; &nbsp; &nbsp; &nbsp; &nbsp; &nbsp; &nbsp; &nbsp; &nbsp; &nbsp; &nbsp; &nbsp; &nbsp; &nbsp; &nbsp; &nbsp; &nbsp; &nbsp; &nbsp; &nbsp; &nbsp; &nbsp; &nbsp; &nbsp; &nbsp; &nbsp; &nbsp; &nbsp; &nbsp; &nbsp; &nbsp; &nbsp; &nbsp; &nbsp; &nbsp; &nbsp;&nbsp; &nbsp; &nbsp; &nbsp; &nbsp; &nbsp; &nbsp; &nbsp; &nbsp; &nbsp; &nbsp; &nbsp; <img fetchpriority=\"high\" decoding=\"async\" class=\"size-medium wp-image-977 aligncenter\" src=\"http:\/\/cofradia.io\/wp-content\/uploads\/2024\/02\/Jueves-2023-@charliebalibrea-20-copia-copia-200x300.jpg\" alt=\"\" width=\"200\" height=\"300\" srcset=\"https:\/\/cofradianazarenodelorqui.es\/wp-content\/uploads\/2024\/02\/Jueves-2023-@charliebalibrea-20-copia-copia-200x300.jpg 200w, https:\/\/cofradianazarenodelorqui.es\/wp-content\/uploads\/2024\/02\/Jueves-2023-@charliebalibrea-20-copia-copia-684x1024.jpg 684w, https:\/\/cofradianazarenodelorqui.es\/wp-content\/uploads\/2024\/02\/Jueves-2023-@charliebalibrea-20-copia-copia-768x1150.jpg 768w, https:\/\/cofradianazarenodelorqui.es\/wp-content\/uploads\/2024\/02\/Jueves-2023-@charliebalibrea-20-copia-copia-1025x1536.jpg 1025w, https:\/\/cofradianazarenodelorqui.es\/wp-content\/uploads\/2024\/02\/Jueves-2023-@charliebalibrea-20-copia-copia.jpg 1181w\" sizes=\"(max-width: 200px) 100vw, 200px\" \/>&nbsp;&nbsp;<\/p>\n<h3>&nbsp;<\/h3>\n<h3 style=\"text-align: justify;\"><span style=\"color: #333399;\"><strong>VIERNES SANTO:<\/strong><strong>&nbsp;<\/strong><strong>PROCESI\u00d3N DEL SANTO ENTIERRO<\/strong><\/span><\/h3>\n<p style=\"text-align: justify;\">Desde que se tiene constancia, la cofrad\u00eda de Ntro. P. Jes\u00fas Nazareno ha participado en la procesi\u00f3n del Santo Entierro con la Santa Cruz ataviada con el Sudario en un paso conocido popularmente como el de la Cruz Vac\u00eda. Desde el a\u00f1o 2007 esta antigua escenograf\u00eda se complet\u00f3 con la incorporaci\u00f3n de otras <em>arma cristi<\/em> como: las escaleras, la lanza, la ca\u00f1a y la esponja, la corona de espinas, martillo y tenazas, el cr\u00e1neo de Ad\u00e1n, el gallo&#8230;y, especialmente, con dos \u00c1ngeles pasionarios de talla del escultor Ram\u00f3n Cuenca. El primero en encargarse fue un \u00e1ngel ver\u00f3nico que porta la Santa Faz estrenado en el a\u00f1o 2015. En 2020 la cofrad\u00eda complet\u00f3 su empe\u00f1o con una segunda escultura en la que la imagen ser\u00e1fica porta el c\u00e1liz como alusi\u00f3n a la agon\u00eda de Getseman\u00ed.&nbsp; De esta forma quedaba completo un paso de clara raigambre barroca, aleg\u00f3rico y con una elegante y cuidada puesta en escena que convierte el antiguo y escueto paso de la Cruz Vac\u00eda en una magn\u00edfica Exaltaci\u00f3n de la Sta. Cruz.<\/p>\n<p>&nbsp;<\/p>\n<p><img decoding=\"async\" class=\"size-medium wp-image-994 aligncenter\" src=\"http:\/\/cofradia.io\/wp-content\/uploads\/2024\/02\/Viernes-202-2mb-200x300.jpg\" alt=\"\" width=\"200\" height=\"300\" srcset=\"https:\/\/cofradianazarenodelorqui.es\/wp-content\/uploads\/2024\/02\/Viernes-202-2mb-200x300.jpg 200w, https:\/\/cofradianazarenodelorqui.es\/wp-content\/uploads\/2024\/02\/Viernes-202-2mb-683x1024.jpg 683w, https:\/\/cofradianazarenodelorqui.es\/wp-content\/uploads\/2024\/02\/Viernes-202-2mb-768x1152.jpg 768w, https:\/\/cofradianazarenodelorqui.es\/wp-content\/uploads\/2024\/02\/Viernes-202-2mb-1024x1536.jpg 1024w, https:\/\/cofradianazarenodelorqui.es\/wp-content\/uploads\/2024\/02\/Viernes-202-2mb.jpg 1300w\" sizes=\"(max-width: 200px) 100vw, 200px\" \/><\/p>\n<p>&nbsp;<\/p>\n<h3 style=\"text-align: justify;\"><span style=\"color: #333399;\"><strong>VENERACI\u00d3N A NTRO. P. JES\u00daS NAZARENO<\/strong><\/span><\/h3>\n<p style=\"text-align: justify;\">Cada Viernes Santo, desde las nueve de la ma\u00f1ana y hasta las una de la madrugada del S\u00e1bado Santo, la sagrada imagen de Ntro. Padre Jes\u00fas Nazareno queda expuesta a p\u00fablica veneraci\u00f3n en la casa de su camarero situado en la calle Pablo Picasso n\u00famero 18 y que se convierte, de este modo y por unas horas en una capilla dom\u00e9stica.<\/p>\n<p style=\"text-align: justify;\">Contemplar tan bell\u00edsima imagen en un espacio diferente al habitual del templo santiaguista y en un marco arquitect\u00f3nico de tintes modernistas, ofrece una experiencia \u00fanica e ins\u00f3lita en la que la majestad y altura de su capilla se trocan en cercan\u00eda y humanidad. A pesar de lo reciente de este acto, son numerosas las personas que depositan flores y velas en el portal de la vivienda. En la jornada vac\u00eda y luctuosa del S\u00e1bado Santo, Ntro. Padre Jes\u00fas Nazareno volver\u00e1 a su capilla del crucero en espera de la Resurrecci\u00f3n del Domingo y para seguir recibiendo las plegarias de sus hijos hasta que la primera luna llena de una nueva primavera ilumine su rostro en un renovado Jueves Santo.<\/p>\n<p><img decoding=\"async\" class=\"alignnone size-medium wp-image-986 aligncenter\" src=\"http:\/\/cofradia.io\/wp-content\/uploads\/2024\/02\/Monica-y-Emilio-2023-@charliebalibrea-2-200x300.jpg\" alt=\"\" width=\"200\" height=\"300\" srcset=\"https:\/\/cofradianazarenodelorqui.es\/wp-content\/uploads\/2024\/02\/Monica-y-Emilio-2023-@charliebalibrea-2-200x300.jpg 200w, https:\/\/cofradianazarenodelorqui.es\/wp-content\/uploads\/2024\/02\/Monica-y-Emilio-2023-@charliebalibrea-2-682x1024.jpg 682w, https:\/\/cofradianazarenodelorqui.es\/wp-content\/uploads\/2024\/02\/Monica-y-Emilio-2023-@charliebalibrea-2-768x1152.jpg 768w, https:\/\/cofradianazarenodelorqui.es\/wp-content\/uploads\/2024\/02\/Monica-y-Emilio-2023-@charliebalibrea-2-1024x1536.jpg 1024w, https:\/\/cofradianazarenodelorqui.es\/wp-content\/uploads\/2024\/02\/Monica-y-Emilio-2023-@charliebalibrea-2.jpg 1181w\" sizes=\"(max-width: 200px) 100vw, 200px\" \/><\/p>\n<h3 style=\"text-align: justify;\"><span style=\"color: #333399;\"><strong>DOMINGO DE RESURRECCI\u00d3N<\/strong><\/span><\/h3>\n<p style=\"text-align: justify;\">La cofrad\u00eda de Ntro. P. Jes\u00fas Nazareno celebra la Resurrecci\u00f3n de Cristo con el paso procesional de la Cruz Triunfante. Entre flores, la Cruz de Ntro. Se\u00f1or Nazareno recorre las calles del pueblo de Lorqu\u00ed anunciando que la muerte ha sido vencida. No hay lugar para la muerte y la Cruz se convierte en Vida y se\u00f1al de esperanza. Procesiona la Cruz Triunfante sobre el trono antiguo de nuestro Titular fechado aproximadamente en el a\u00f1o 1900.<\/p>\n<p><img loading=\"lazy\" decoding=\"async\" class=\"size-medium wp-image-995 aligncenter\" src=\"http:\/\/cofradia.io\/wp-content\/uploads\/2024\/02\/Domingo-2023-2mb-200x300.jpg\" alt=\"\" width=\"200\" height=\"300\" srcset=\"https:\/\/cofradianazarenodelorqui.es\/wp-content\/uploads\/2024\/02\/Domingo-2023-2mb-200x300.jpg 200w, https:\/\/cofradianazarenodelorqui.es\/wp-content\/uploads\/2024\/02\/Domingo-2023-2mb-684x1024.jpg 684w, https:\/\/cofradianazarenodelorqui.es\/wp-content\/uploads\/2024\/02\/Domingo-2023-2mb-768x1150.jpg 768w, https:\/\/cofradianazarenodelorqui.es\/wp-content\/uploads\/2024\/02\/Domingo-2023-2mb-1025x1536.jpg 1025w, https:\/\/cofradianazarenodelorqui.es\/wp-content\/uploads\/2024\/02\/Domingo-2023-2mb-1367x2048.jpg 1367w, https:\/\/cofradianazarenodelorqui.es\/wp-content\/uploads\/2024\/02\/Domingo-2023-2mb-scaled.jpg 1709w\" sizes=\"(max-width: 200px) 100vw, 200px\" \/><\/p>\n","protected":false},"excerpt":{"rendered":"<p>La imagen de Nuestro Padre Jes\u00fas Nazareno recibe culto durante todo el a\u00f1o en la capilla situada en el lateral izquierdo del crucero del templo santiaguista de Lorqu\u00ed, arropado por los \u00c1ngeles de Pasi\u00f3n del escultor Ram\u00f3n Cuenca y frente a la bell\u00edsima imagen de la Virgen Dolorosa, tambi\u00e9n de Francisco Salzillo. PRIMER VIERNES DE [&hellip;]<\/p>\n","protected":false},"author":1,"featured_media":0,"parent":0,"menu_order":0,"comment_status":"closed","ping_status":"closed","template":"","meta":{"ngg_post_thumbnail":0,"ocean_post_layout":"","ocean_both_sidebars_style":"","ocean_both_sidebars_content_width":0,"ocean_both_sidebars_sidebars_width":0,"ocean_sidebar":"0","ocean_second_sidebar":"0","ocean_disable_margins":"enable","ocean_add_body_class":"","ocean_shortcode_before_top_bar":"","ocean_shortcode_after_top_bar":"","ocean_shortcode_before_header":"","ocean_shortcode_after_header":"","ocean_has_shortcode":"","ocean_shortcode_after_title":"","ocean_shortcode_before_footer_widgets":"","ocean_shortcode_after_footer_widgets":"","ocean_shortcode_before_footer_bottom":"","ocean_shortcode_after_footer_bottom":"","ocean_display_top_bar":"default","ocean_display_header":"default","ocean_header_style":"","ocean_center_header_left_menu":"0","ocean_custom_header_template":"0","ocean_custom_logo":0,"ocean_custom_retina_logo":0,"ocean_custom_logo_max_width":0,"ocean_custom_logo_tablet_max_width":0,"ocean_custom_logo_mobile_max_width":0,"ocean_custom_logo_max_height":0,"ocean_custom_logo_tablet_max_height":0,"ocean_custom_logo_mobile_max_height":0,"ocean_header_custom_menu":"0","ocean_menu_typo_font_family":"0","ocean_menu_typo_font_subset":"","ocean_menu_typo_font_size":0,"ocean_menu_typo_font_size_tablet":0,"ocean_menu_typo_font_size_mobile":0,"ocean_menu_typo_font_size_unit":"px","ocean_menu_typo_font_weight":"","ocean_menu_typo_font_weight_tablet":"","ocean_menu_typo_font_weight_mobile":"","ocean_menu_typo_transform":"","ocean_menu_typo_transform_tablet":"","ocean_menu_typo_transform_mobile":"","ocean_menu_typo_line_height":0,"ocean_menu_typo_line_height_tablet":0,"ocean_menu_typo_line_height_mobile":0,"ocean_menu_typo_line_height_unit":"","ocean_menu_typo_spacing":0,"ocean_menu_typo_spacing_tablet":0,"ocean_menu_typo_spacing_mobile":0,"ocean_menu_typo_spacing_unit":"","ocean_menu_link_color":"","ocean_menu_link_color_hover":"","ocean_menu_link_color_active":"","ocean_menu_link_background":"","ocean_menu_link_hover_background":"","ocean_menu_link_active_background":"","ocean_menu_social_links_bg":"","ocean_menu_social_hover_links_bg":"","ocean_menu_social_links_color":"","ocean_menu_social_hover_links_color":"","ocean_disable_title":"default","ocean_disable_heading":"default","ocean_post_title":"","ocean_post_subheading":"","ocean_post_title_style":"","ocean_post_title_background_color":"","ocean_post_title_background":0,"ocean_post_title_bg_image_position":"","ocean_post_title_bg_image_attachment":"","ocean_post_title_bg_image_repeat":"","ocean_post_title_bg_image_size":"","ocean_post_title_height":0,"ocean_post_title_bg_overlay":0.5,"ocean_post_title_bg_overlay_color":"","ocean_disable_breadcrumbs":"default","ocean_breadcrumbs_color":"","ocean_breadcrumbs_separator_color":"","ocean_breadcrumbs_links_color":"","ocean_breadcrumbs_links_hover_color":"","ocean_display_footer_widgets":"default","ocean_display_footer_bottom":"default","ocean_custom_footer_template":"0","footnotes":""},"class_list":["post-20","page","type-page","status-publish","hentry","entry"],"_links":{"self":[{"href":"https:\/\/cofradianazarenodelorqui.es\/index.php?rest_route=\/wp\/v2\/pages\/20"}],"collection":[{"href":"https:\/\/cofradianazarenodelorqui.es\/index.php?rest_route=\/wp\/v2\/pages"}],"about":[{"href":"https:\/\/cofradianazarenodelorqui.es\/index.php?rest_route=\/wp\/v2\/types\/page"}],"author":[{"embeddable":true,"href":"https:\/\/cofradianazarenodelorqui.es\/index.php?rest_route=\/wp\/v2\/users\/1"}],"replies":[{"embeddable":true,"href":"https:\/\/cofradianazarenodelorqui.es\/index.php?rest_route=%2Fwp%2Fv2%2Fcomments&post=20"}],"version-history":[{"count":11,"href":"https:\/\/cofradianazarenodelorqui.es\/index.php?rest_route=\/wp\/v2\/pages\/20\/revisions"}],"predecessor-version":[{"id":1045,"href":"https:\/\/cofradianazarenodelorqui.es\/index.php?rest_route=\/wp\/v2\/pages\/20\/revisions\/1045"}],"wp:attachment":[{"href":"https:\/\/cofradianazarenodelorqui.es\/index.php?rest_route=%2Fwp%2Fv2%2Fmedia&parent=20"}],"curies":[{"name":"wp","href":"https:\/\/api.w.org\/{rel}","templated":true}]}}